{"id":31,"date":"2025-03-24T20:31:16","date_gmt":"2025-03-24T20:31:16","guid":{"rendered":"https:\/\/nordmarais.com\/?page_id=31"},"modified":"2025-03-24T20:32:05","modified_gmt":"2025-03-24T20:32:05","slug":"conditions-dutilisation","status":"publish","type":"page","link":"https:\/\/nordmarais.com\/en\/conditions-of-use\/","title":{"rendered":"Conditions of use"},"content":{"rendered":"<div class=\"wpb-content-wrapper\">\r\n<div  data-mk-stretch-content=\"true\" class=\"wpb_row vc_row vc_row-fluid jupiter-donut- mk-fullwidth-false  attched-false     js-master-row  mk-grid\">\r\n\t\t\t\t\r\n<div class=\"vc_col-sm-12 wpb_column column_container  jupiter-donut- _ jupiter-donut-height-full\">\r\n\t\t<div class=\"vc_custom_1742848323501\">\r\n\r\n<div id=\"text-block-2\" class=\"mk-text-block  jupiter-donut-\">\r\n\r\n\t\r\n\t<div class=\"et_pb_module et_pb_text et_pb_text_0 et_pb_text_align_left et_pb_bg_layout_light\">\n<div class=\"et_pb_text_inner\">\n<div id=\"ez-toc-container\" class=\"ez-toc-v2_0_79 counter-hierarchy ez-toc-counter ez-toc-grey ez-toc-container-direction\">\n<div class=\"ez-toc-title-container\">\n<p class=\"ez-toc-title\" style=\"cursor:inherit\">Contents<\/p>\n<span class=\"ez-toc-title-toggle\"><a href=\"#\" class=\"ez-toc-pull-right ez-toc-btn ez-toc-btn-xs ez-toc-btn-default ez-toc-toggle\" aria-label=\"Toggle Table of Content\"><span class=\"ez-toc-js-icon-con\"><span class=\"\"><span class=\"eztoc-hide\" style=\"display:none;\">Toggle<\/span><span class=\"ez-toc-icon-toggle-span\"><svg style=\"fill: #999;color:#999\" xmlns=\"http:\/\/www.w3.org\/2000\/svg\" class=\"list-377408\" width=\"20px\" height=\"20px\" viewbox=\"0 0 24 24\" fill=\"none\"><path d=\"M6 6H4v2h2V6zm14 0H8v2h12V6zM4 11h2v2H4v-2zm16 0H8v2h12v-2zM4 16h2v2H4v-2zm16 0H8v2h12v-2z\" fill=\"currentColor\"><\/path><\/svg><svg style=\"fill: #999;color:#999\" class=\"arrow-unsorted-368013\" xmlns=\"http:\/\/www.w3.org\/2000\/svg\" width=\"10px\" height=\"10px\" viewbox=\"0 0 24 24\" version=\"1.2\" baseprofile=\"tiny\"><path d=\"M18.2 9.3l-6.2-6.3-6.2 6.3c-.2.2-.3.4-.3.7s.1.5.3.7c.2.2.4.3.7.3h11c.3 0 .5-.1.7-.3.2-.2.3-.5.3-.7s-.1-.5-.3-.7zM5.8 14.7l6.2 6.3 6.2-6.3c.2-.2.3-.5.3-.7s-.1-.5-.3-.7c-.2-.2-.4-.3-.7-.3h-11c-.3 0-.5.1-.7.3-.2.2-.3.5-.3.7s.1.5.3.7z\"\/><\/svg><\/span><\/span><\/span><\/a><\/span><\/div>\n<nav><ul class='ez-toc-list ez-toc-list-level-1' ><li class='ez-toc-page-1 ez-toc-heading-level-1'><a class=\"ez-toc-link ez-toc-heading-1\" href=\"https:\/\/nordmarais.com\/en\/conditions-of-use\/#Politique_de_confidentialite\" >Privacy policy<\/a><ul class='ez-toc-list-level-2' ><li class='ez-toc-heading-level-2'><a class=\"ez-toc-link ez-toc-heading-2\" href=\"https:\/\/nordmarais.com\/en\/conditions-of-use\/#Article_1_%E2%80%93_Renseignements_personnels_recueillis\" >Article 1 - Personal information collected<\/a><\/li><li class='ez-toc-page-1 ez-toc-heading-level-2'><a class=\"ez-toc-link ez-toc-heading-3\" href=\"https:\/\/nordmarais.com\/en\/conditions-of-use\/#Article_2_%E2%80%93_Consentement\" >Article 2 - Consent<\/a><ul class='ez-toc-list-level-3' ><li class='ez-toc-heading-level-3'><a class=\"ez-toc-link ez-toc-heading-4\" href=\"https:\/\/nordmarais.com\/en\/conditions-of-use\/#Obtention_du_consentement\" >Obtaining consent<\/a><\/li><li class='ez-toc-page-1 ez-toc-heading-level-3'><a class=\"ez-toc-link ez-toc-heading-5\" href=\"https:\/\/nordmarais.com\/en\/conditions-of-use\/#Retrait_du_consentement\" >Withdrawal of consent<\/a><\/li><\/ul><\/li><li class='ez-toc-page-1 ez-toc-heading-level-2'><a class=\"ez-toc-link ez-toc-heading-6\" href=\"https:\/\/nordmarais.com\/en\/conditions-of-use\/#Article_3_%E2%80%93_Divulgation\" >Article 3 - Disclosure<\/a><\/li><li class='ez-toc-page-1 ez-toc-heading-level-2'><a class=\"ez-toc-link ez-toc-heading-7\" href=\"https:\/\/nordmarais.com\/en\/conditions-of-use\/#Article_4_%E2%80%93_Services_tiers\" >Article 4 - Third-party services<\/a><ul class='ez-toc-list-level-3' ><li class='ez-toc-heading-level-3'><a class=\"ez-toc-link ez-toc-heading-8\" href=\"https:\/\/nordmarais.com\/en\/conditions-of-use\/#Liens_externes\" >External links<\/a><\/li><\/ul><\/li><li class='ez-toc-page-1 ez-toc-heading-level-2'><a class=\"ez-toc-link ez-toc-heading-9\" href=\"https:\/\/nordmarais.com\/en\/conditions-of-use\/#Article_5_%E2%80%93_Securite\" >Article 5 - Safety<\/a><\/li><li class='ez-toc-page-1 ez-toc-heading-level-2'><a class=\"ez-toc-link ez-toc-heading-10\" href=\"https:\/\/nordmarais.com\/en\/conditions-of-use\/#Article_6_%E2%80%93_Age_de_consentement\" >Article 6 - Age of consent<\/a><\/li><li class='ez-toc-page-1 ez-toc-heading-level-2'><a class=\"ez-toc-link ez-toc-heading-11\" href=\"https:\/\/nordmarais.com\/en\/conditions-of-use\/#Article_7_%E2%80%93_Modifications_de_la_politique_de_confidentialite\" >Article 7 - Changes to the privacy policy<\/a><\/li><li class='ez-toc-page-1 ez-toc-heading-level-2'><a class=\"ez-toc-link ez-toc-heading-12\" href=\"https:\/\/nordmarais.com\/en\/conditions-of-use\/#Questions_et_demandes\" >Questions and requests<\/a><\/li><\/ul><\/li><\/ul><\/nav><\/div>\n<h1><span class=\"ez-toc-section\" id=\"Politique_de_confidentialite\"><\/span>Privacy policy<span class=\"ez-toc-section-end\"><\/span><\/h1>\n<\/div>\n<\/div>\n<div class=\"et_pb_module et_pb_text et_pb_text_1 et_pb_text_align_left et_pb_bg_layout_light\">\n<div class=\"et_pb_text_inner\">\n<p><em>Last update: August 21, 2023<\/em><\/p>\n<h2><span class=\"ez-toc-section\" id=\"Article_1_%E2%80%93_Renseignements_personnels_recueillis\"><\/span>Article 1 - Personal information collected<span class=\"ez-toc-section-end\"><\/span><\/h2>\n<p>When you fill out a form on our site, we collect the personal information you choose to provide, such as your name, e-mail address or telephone number.<\/p>\n<p>When you browse our site, certain information is automatically collected, such as your IP address, browser type, or operating system used, for the purposes of analysis and improvement of the user experience.<\/p>\n<p>With your consent, we may also send you electronic communications about our content, services or updates.<\/p>\n<h2><span class=\"ez-toc-section\" id=\"Article_2_%E2%80%93_Consentement\"><\/span>Article 2 - Consent<span class=\"ez-toc-section-end\"><\/span><\/h2>\n<h3><span class=\"ez-toc-section\" id=\"Obtention_du_consentement\"><\/span>Obtaining consent<span class=\"ez-toc-section-end\"><\/span><\/h3>\n<p>When you provide us with your personal information to complete a form or request, we assume that you consent to its collection and use for that specific purpose only.<\/p>\n<p>Should we require your data for other purposes, such as marketing, we will expressly ask for your consent or offer you the opportunity to refuse.<\/p>\n<h3><span class=\"ez-toc-section\" id=\"Retrait_du_consentement\"><\/span>Withdrawal of consent<span class=\"ez-toc-section-end\"><\/span><\/h3>\n<p>You may withdraw your consent to our use of your personal information at any time, including for future communications. To do so, please use the unsubscribe mechanisms or contact us via the means available on our site.<\/p>\n<h2><span class=\"ez-toc-section\" id=\"Article_3_%E2%80%93_Divulgation\"><\/span>Article 3 - Disclosure<span class=\"ez-toc-section-end\"><\/span><\/h2>\n<p>Your personal information may be disclosed if required by law or necessary to comply with legal process or enforce our terms of use.<\/p>\n<h2><span class=\"ez-toc-section\" id=\"Article_4_%E2%80%93_Services_tiers\"><\/span>Article 4 - Third-party services<span class=\"ez-toc-section-end\"><\/span><\/h2>\n<p>Some third-party suppliers we use may collect, use or disclose your personal information to the extent necessary to perform the services they provide to us (hosting, analytics, forms, etc.).<\/p>\n<p>We recommend that you consult their privacy policies to fully understand how they manage your data.<\/p>\n<p>Please note that these providers may be located in jurisdictions different from yours. If you choose to pursue an interaction or transaction involving a third-party service, your information may be subject to the laws of their place of operation.<\/p>\n<p>Once you leave our site or are redirected to a third-party site or application, this privacy policy no longer applies.<\/p>\n<h3><span class=\"ez-toc-section\" id=\"Liens_externes\"><\/span>External links<span class=\"ez-toc-section-end\"><\/span><\/h3>\n<p>Our site may contain links to other websites. We are not responsible for their privacy practices and encourage you to consult their respective policies.<\/p>\n<h2><span class=\"ez-toc-section\" id=\"Article_5_%E2%80%93_Securite\"><\/span>Article 5 - Safety<span class=\"ez-toc-section-end\"><\/span><\/h2>\n<p>We implement reasonable security measures to protect your personal information from unauthorized access, loss, misuse or unwanted disclosure. However, no method of transmission over the Internet or method of electronic storage is completely secure.<\/p>\n<h2><span class=\"ez-toc-section\" id=\"Article_6_%E2%80%93_Age_de_consentement\"><\/span>Article 6 - Age of consent<span class=\"ez-toc-section-end\"><\/span><\/h2>\n<p>By using this site, you represent that you are of the age of majority in your province or territory of residence, or that you have authorized a minor dependent of yours to use this site with your consent.<\/p>\n<h2><span class=\"ez-toc-section\" id=\"Article_7_%E2%80%93_Modifications_de_la_politique_de_confidentialite\"><\/span>Article 7 - Changes to the privacy policy<span class=\"ez-toc-section-end\"><\/span><\/h2>\n<p>We reserve the right to change this policy at any time. Changes will be effective immediately upon posting on the site. We encourage you to visit this page regularly to stay informed about how your information is protected.<\/p>\n<p>In the event of a significant change to this policy, we will clearly indicate this on this page.<\/p>\n<p>In the event of a merger, acquisition or other change of control of the company, the data collected may be transferred to the new owners, subject to applicable laws.<\/p>\n<h2><span class=\"ez-toc-section\" id=\"Questions_et_demandes\"><\/span>Questions and requests<span class=\"ez-toc-section-end\"><\/span><\/h2>\n<p>If you wish to access, correct or delete your personal data, or if you have any questions relating to this policy, please write to us at info@nordmarais.com or contact us by the most appropriate means.<\/p>\n<\/div>\n<\/div>\n\r\n\t<div class=\"clearboth\"><\/div>\r\n<\/div>\r\n\r\n\t<\/div>\r\n<\/div>\r\n\t<\/div>\r\n\n<\/div>","protected":false},"excerpt":{"rendered":"Politique de confidentialit\u00e9 Derni\u00e8re mise \u00e0 jour : 21 ao\u00fbt 2023 Article 1 \u2013 Renseignements personnels recueillis Lorsque vous remplissez un formulaire sur notre site, nous recueillons les renseignements personnels que vous choisissez de nous fournir, tels que votre nom, votre adresse courriel ou votre num\u00e9ro de t\u00e9l\u00e9phone. Lors de votre navigation sur notre site, [...]","protected":false},"author":1,"featured_media":0,"parent":0,"menu_order":0,"comment_status":"closed","ping_status":"closed","template":"","meta":{"footnotes":""},"class_list":["post-31","page","type-page","status-publish","hentry"],"yoast_head":"<!-- This site is optimized with the Yoast SEO plugin v27.4 - https:\/\/yoast.com\/product\/yoast-seo-wordpress\/ -->\n<title>Conditions d&#039;utilisation - Refoulements d\u2019\u00e9gout<\/title>\n<meta name=\"robots\" content=\"index, follow, max-snippet:-1, max-image-preview:large, max-video-preview:-1\" \/>\n<link rel=\"canonical\" href=\"https:\/\/nordmarais.com\/en\/conditions-of-use\/\" \/>\n<meta property=\"og:locale\" content=\"en_US\" \/>\n<meta property=\"og:type\" content=\"article\" \/>\n<meta property=\"og:title\" content=\"Conditions d&#039;utilisation - Refoulements d\u2019\u00e9gout\" \/>\n<meta property=\"og:url\" content=\"https:\/\/nordmarais.com\/en\/conditions-of-use\/\" \/>\n<meta property=\"og:site_name\" content=\"Refoulements d\u2019\u00e9gout\" \/>\n<meta property=\"article:modified_time\" content=\"2025-03-24T20:32:05+00:00\" \/>\n<meta name=\"twitter:card\" content=\"summary_large_image\" \/>\n<meta name=\"twitter:label1\" content=\"Est. reading time\" \/>\n\t<meta name=\"twitter:data1\" content=\"3 minutes\" \/>\n<script type=\"application\/ld+json\" class=\"yoast-schema-graph\">{\"@context\":\"https:\\\/\\\/schema.org\",\"@graph\":[{\"@type\":\"WebPage\",\"@id\":\"https:\\\/\\\/nordmarais.com\\\/conditions-dutilisation\\\/\",\"url\":\"https:\\\/\\\/nordmarais.com\\\/conditions-dutilisation\\\/\",\"name\":\"Conditions d'utilisation - Refoulements d\u2019\u00e9gout\",\"isPartOf\":{\"@id\":\"https:\\\/\\\/nordmarais.com\\\/#website\"},\"datePublished\":\"2025-03-24T20:31:16+00:00\",\"dateModified\":\"2025-03-24T20:32:05+00:00\",\"breadcrumb\":{\"@id\":\"https:\\\/\\\/nordmarais.com\\\/conditions-dutilisation\\\/#breadcrumb\"},\"inLanguage\":\"en-CA\",\"potentialAction\":[{\"@type\":\"ReadAction\",\"target\":[\"https:\\\/\\\/nordmarais.com\\\/conditions-dutilisation\\\/\"]}]},{\"@type\":\"BreadcrumbList\",\"@id\":\"https:\\\/\\\/nordmarais.com\\\/conditions-dutilisation\\\/#breadcrumb\",\"itemListElement\":[{\"@type\":\"ListItem\",\"position\":1,\"name\":\"Home\",\"item\":\"https:\\\/\\\/nordmarais.com\\\/\"},{\"@type\":\"ListItem\",\"position\":2,\"name\":\"Conditions d&#8217;utilisation\"}]},{\"@type\":\"WebSite\",\"@id\":\"https:\\\/\\\/nordmarais.com\\\/#website\",\"url\":\"https:\\\/\\\/nordmarais.com\\\/\",\"name\":\"Refoulements d\u2019\u00e9gout\",\"description\":\"\",\"potentialAction\":[{\"@type\":\"SearchAction\",\"target\":{\"@type\":\"EntryPoint\",\"urlTemplate\":\"https:\\\/\\\/nordmarais.com\\\/?s={search_term_string}\"},\"query-input\":{\"@type\":\"PropertyValueSpecification\",\"valueRequired\":true,\"valueName\":\"search_term_string\"}}],\"inLanguage\":\"en-CA\"}]}<\/script>\n<!-- \/ Yoast SEO plugin. -->","yoast_head_json":{"title":"Conditions d'utilisation - Refoulements d\u2019\u00e9gout","robots":{"index":"index","follow":"follow","max-snippet":"max-snippet:-1","max-image-preview":"max-image-preview:large","max-video-preview":"max-video-preview:-1"},"canonical":"https:\/\/nordmarais.com\/en\/conditions-of-use\/","og_locale":"en_US","og_type":"article","og_title":"Conditions d'utilisation - Refoulements d\u2019\u00e9gout","og_url":"https:\/\/nordmarais.com\/en\/conditions-of-use\/","og_site_name":"Refoulements d\u2019\u00e9gout","article_modified_time":"2025-03-24T20:32:05+00:00","twitter_card":"summary_large_image","twitter_misc":{"Est. reading time":"3 minutes"},"schema":{"@context":"https:\/\/schema.org","@graph":[{"@type":"WebPage","@id":"https:\/\/nordmarais.com\/conditions-dutilisation\/","url":"https:\/\/nordmarais.com\/conditions-dutilisation\/","name":"Conditions d'utilisation - Refoulements d\u2019\u00e9gout","isPartOf":{"@id":"https:\/\/nordmarais.com\/#website"},"datePublished":"2025-03-24T20:31:16+00:00","dateModified":"2025-03-24T20:32:05+00:00","breadcrumb":{"@id":"https:\/\/nordmarais.com\/conditions-dutilisation\/#breadcrumb"},"inLanguage":"en-CA","potentialAction":[{"@type":"ReadAction","target":["https:\/\/nordmarais.com\/conditions-dutilisation\/"]}]},{"@type":"BreadcrumbList","@id":"https:\/\/nordmarais.com\/conditions-dutilisation\/#breadcrumb","itemListElement":[{"@type":"ListItem","position":1,"name":"Home","item":"https:\/\/nordmarais.com\/"},{"@type":"ListItem","position":2,"name":"Conditions d&#8217;utilisation"}]},{"@type":"WebSite","@id":"https:\/\/nordmarais.com\/#website","url":"https:\/\/nordmarais.com\/","name":"Refoulements d\u2019\u00e9gout","description":"","potentialAction":[{"@type":"SearchAction","target":{"@type":"EntryPoint","urlTemplate":"https:\/\/nordmarais.com\/?s={search_term_string}"},"query-input":{"@type":"PropertyValueSpecification","valueRequired":true,"valueName":"search_term_string"}}],"inLanguage":"en-CA"}]}},"_links":{"self":[{"href":"https:\/\/nordmarais.com\/en\/wp-json\/wp\/v2\/pages\/31","targetHints":{"allow":["GET"]}}],"collection":[{"href":"https:\/\/nordmarais.com\/en\/wp-json\/wp\/v2\/pages"}],"about":[{"href":"https:\/\/nordmarais.com\/en\/wp-json\/wp\/v2\/types\/page"}],"author":[{"embeddable":true,"href":"https:\/\/nordmarais.com\/en\/wp-json\/wp\/v2\/users\/1"}],"replies":[{"embeddable":true,"href":"https:\/\/nordmarais.com\/en\/wp-json\/wp\/v2\/comments?post=31"}],"version-history":[{"count":2,"href":"https:\/\/nordmarais.com\/en\/wp-json\/wp\/v2\/pages\/31\/revisions"}],"predecessor-version":[{"id":33,"href":"https:\/\/nordmarais.com\/en\/wp-json\/wp\/v2\/pages\/31\/revisions\/33"}],"wp:attachment":[{"href":"https:\/\/nordmarais.com\/en\/wp-json\/wp\/v2\/media?parent=31"}],"curies":[{"name":"wp","href":"https:\/\/api.w.org\/{rel}","templated":true}]}}